{"id":192,"date":"2019-08-07T19:36:33","date_gmt":"2019-08-07T17:36:33","guid":{"rendered":"https:\/\/www.vascular-academy.com\/beispiel-seite\/"},"modified":"2024-11-27T12:07:58","modified_gmt":"2024-11-27T11:07:58","slug":"beispiel-seite","status":"publish","type":"page","link":"https:\/\/vascular-academy.com\/de\/","title":{"rendered":"Die Wissensplattform f\u00fcr Gef\u00e4\u00dfdiagnostik"},"content":{"rendered":"<div class=\"wpb-content-wrapper\"><p>[vc_section full_width=&#8221;stretch_row&#8221; css=&#8221;.vc_custom_1565363185459{padding-bottom: 35px !important;background-position: center !important;background-repeat: no-repeat !important;background-size: cover !important;}&#8221;][vc_row equal_height=&#8221;yes&#8221; el_class=&#8221;pd-top-100 sm-pd-top-80 xs-pd-top-60&#8243;][vc_column width=&#8221;1\/2&#8243; el_class=&#8221;col-mb-12 sm-mg-bottom-30&#8243; offset=&#8221;vc_col-md-3 vc_col-xs-6&#8243;][g5plus_icon_box layout_style=&#8221;ib-left&#8221; icon_bg_style=&#8221;icon-bg-circle-outline&#8221; icon_scheme_color=&#8221;icon-scheme-gray&#8221; icon_bg_size=&#8221;ib-small&#8221; title=&#8221;Workshops&#8221; description=&#8221;Regelm\u00e4\u00dfige Vortr\u00e4ge und Hands-On Sessions von erfahrenen Gef\u00e4\u00dfexperten.&#8221; icon_font=&#8221;arvo-data&#8221; link=&#8221;url:https%3A%2F%2Fwww.vascular-academy.com%2Fde%2Fressourcen%2F|title:Ressourcen&#8221; css_animation=&#8221;bottom-to-top&#8221;][\/vc_column][vc_column width=&#8221;1\/2&#8243; el_class=&#8221;col-mb-12 sm-mg-bottom-30&#8243; offset=&#8221;vc_col-md-3 vc_col-xs-6&#8243;][g5plus_icon_box layout_style=&#8221;ib-left&#8221; icon_bg_style=&#8221;icon-bg-circle-outline&#8221; icon_scheme_color=&#8221;icon-scheme-gray&#8221; icon_bg_size=&#8221;ib-small&#8221; title=&#8221;E-Learning&#8221; description=&#8221;Fallstudien und Webinare zu den Themen ABI, Oszillographie, Diabetischer Fu\u00df und mehr.&#8221; icon_font=&#8221;arvo-tables&#8221; link=&#8221;url:https%3A%2F%2Fwww.vascular-academy.com%2Fde%2Fressourcen%2F|title:Ressourcen&#8221; css_animation=&#8221;bottom-to-top&#8221;][\/vc_column][vc_column width=&#8221;1\/2&#8243; offset=&#8221;vc_col-md-3 vc_col-xs-6&#8243; el_class=&#8221;col-mb-12 xs-mg-bottom-30&#8243;][g5plus_icon_box layout_style=&#8221;ib-left&#8221; icon_bg_style=&#8221;icon-bg-circle-outline&#8221; icon_scheme_color=&#8221;icon-scheme-gray&#8221; icon_bg_size=&#8221;ib-small&#8221; title=&#8221;Studien&#8221; description=&#8221;Aktuelle wissenschaftliche Publikationen rund um die Themen pAVK und Gef\u00e4\u00dfdiagnostik.&#8221; icon_font=&#8221;arvo-paper&#8221; link=&#8221;url:https%3A%2F%2Fwww.vascular-academy.com%2Fde%2Fressourcen%2F|title:Ressourcen&#8221; css_animation=&#8221;bottom-to-top&#8221;][\/vc_column][vc_column width=&#8221;1\/2&#8243; el_class=&#8221;col-mb-12 xs-mg-bottom-30&#8243; offset=&#8221;vc_col-md-3 vc_col-xs-6&#8243;][g5plus_icon_box layout_style=&#8221;ib-left&#8221; icon_bg_style=&#8221;icon-bg-circle-outline&#8221; icon_scheme_color=&#8221;icon-scheme-gray&#8221; icon_bg_size=&#8221;ib-small&#8221; title=&#8221;Videos&#8221; description=&#8221;Schritt-f\u00fcr-Schritt Applikationsvideos zu verschiedenen Untersuchungsmethoden.&#8221; icon_font=&#8221;arvo-imac&#8221; link=&#8221;url:https%3A%2F%2Fwww.vascular-academy.com%2Fde%2Fressourcen%2F|title:Ressourcen&#8221; css_animation=&#8221;bottom-to-top&#8221;][\/vc_column][\/vc_row][vc_row el_class=&#8221;pd-top-80 pd-bottom-100 sm-pd-bottom-80 xs-pd-bottom-30&#8243;][vc_column][g5plus_button title=&#8221;Zu den Ressourcen&#8221; align=&#8221;center&#8221; link=&#8221;url:https%3A%2F%2Fvascular-academy.com%2Fde%2Fressourcen%2F|title:Ressourcen&#8221;][\/vc_column][\/vc_row][\/vc_section][vc_row][vc_column][vc_column_text]<\/p>\n<p>[\/vc_column_text][\/vc_column][\/vc_row][vc_row full_width=&#8221;stretch_row&#8221; content_placement=&#8221;middle&#8221; overlay_mode=&#8221;color&#8221; overlay_color=&#8221;rgba(242,242,242,0.9)&#8221; css=&#8221;.vc_custom_1705713033691{background-image: url(https:\/\/www.vascular-academy.com\/wp-content\/uploads\/2019\/08\/1.jpg?id=) !important;background-position: center !important;background-repeat: no-repeat !important;background-size: cover !important;}&#8221; el_class=&#8221;reg-block pd-top-90 sm-pd-top-70 xs-pd-top-50 pd-bottom-80 sm-pd-bottom-60&#8243;][vc_column width=&#8221;1\/3&#8243;][\/vc_column][vc_column css_animation=&#8221;left-to-right&#8221; width=&#8221;1\/3&#8243; offset=&#8221;vc_col-md-4&#8243;][g5plus_heading align=&#8221;text-center&#8221; title=&#8221;Kostenloser Zugang&#8221; css=&#8221;.vc_custom_1705711601346{margin-bottom: 40px !important;}&#8221;][vc_column_text]<\/p>\n<p style=\"text-align: center;\">Registrieren Sie sich f\u00fcr Zugang zu exklusiven Online-Kursen, Leitf\u00e4den und Webinaren zu verschiedenen Themen der <strong>arteriellen<\/strong> und <strong>ven\u00f6sen<\/strong> Gef\u00e4\u00dfdiagnostik.<\/p>\n<p>[\/vc_column_text][g5plus_button title=&#8221;Jetzt registrieren&#8221; size=&#8221;lg&#8221; align=&#8221;center&#8221; button_block=&#8221;true&#8221; link=&#8221;url:https%3A%2F%2Fwww.vascular-academy.com%2Fde%2Fregister%2Fbasis-zugang%2F|title:Basis-Zugang&#8221; css=&#8221;.vc_custom_1705711631569{margin-top: 30px !important;}&#8221;][\/vc_column][vc_column width=&#8221;1\/3&#8243;][\/vc_column][\/vc_row][vc_row full_width=&#8221;stretch_row&#8221; content_placement=&#8221;middle&#8221; overlay_mode=&#8221;color&#8221; overlay_color=&#8221;rgba(242,242,242,0.9)&#8221; css=&#8221;.vc_custom_1705713045882{background-image: url(https:\/\/www.vascular-academy.com\/wp-content\/uploads\/2019\/08\/1.jpg?id=) !important;background-position: center !important;background-repeat: no-repeat !important;background-size: cover !important;}&#8221; el_class=&#8221;res-block pd-top-90 sm-pd-top-70 xs-pd-top-50 pd-bottom-80 sm-pd-bottom-60&#8243;][vc_column width=&#8221;1\/3&#8243;][\/vc_column][vc_column css_animation=&#8221;left-to-right&#8221; width=&#8221;1\/3&#8243; offset=&#8221;vc_col-md-4&#8243;][g5plus_heading align=&#8221;text-center&#8221; title=&#8221;Ressourcen \u00f6ffnen&#8221; css=&#8221;.vc_custom_1705713082627{margin-bottom: 40px !important;}&#8221;][vc_column_text]<\/p>\n<p style=\"text-align: center;\">Hier geht es zu exklusiven Online-Kursen, Leitf\u00e4den und Webinaren zu verschiedenen Themen der <strong>arteriellen<\/strong> und <strong>ven\u00f6sen<\/strong> Gef\u00e4\u00dfdiagnostik.<\/p>\n<p>[\/vc_column_text][g5plus_button title=&#8221;Ressourcen&#8221; size=&#8221;lg&#8221; align=&#8221;center&#8221; button_block=&#8221;true&#8221; link=&#8221;url:https%3A%2F%2Fwww.vascular-academy.com%2Fde%2Fressourcen%2F|title:Basis-Zugang&#8221; css=&#8221;.vc_custom_1705713160102{margin-top: 30px !important;}&#8221;][\/vc_column][vc_column width=&#8221;1\/3&#8243;][\/vc_column][\/vc_row]<\/p>\n<\/div>","protected":false},"excerpt":{"rendered":"<p>[vc_section full_width=&#8221;stretch_row&#8221; css=&#8221;.vc_custom_1565363185459{padding-bottom: 35px !important;background-position: center !important;background-repeat: no-repeat !important;background-size: cover !important;}&#8221;][vc_row equal_height=&#8221;yes&#8221; el_class=&#8221;pd-top-100 sm-pd-top-80 xs-pd-top-60&#8243;][vc_column width=&#8221;1\/2&#8243; el_class=&#8221;col-mb-12 sm-mg-bottom-30&#8243; offset=&#8221;vc_col-md-3 vc_col-xs-6&#8243;][g5plus_icon_box layout_style=&#8221;ib-left&#8221; icon_bg_style=&#8221;icon-bg-circle-outline&#8221; icon_scheme_color=&#8221;icon-scheme-gray&#8221; icon_bg_size=&#8221;ib-small&#8221; title=&#8221;Workshops&#8221; description=&#8221;Regelm\u00e4\u00dfige Vortr\u00e4ge und Hands-On Sessions von erfahrenen Gef\u00e4\u00dfexperten.&#8221; icon_font=&#8221;arvo-data&#8221; link=&#8221;url:https%3A%2F%2Fwww.vascular-academy.com%2Fde%2Fressourcen%2F|title:Ressourcen&#8221; css_animation=&#8221;bottom-to-top&#8221;][\/vc_column][vc_column width=&#8221;1\/2&#8243; el_class=&#8221;col-mb-12 sm-mg-bottom-30&#8243; offset=&#8221;vc_col-md-3 vc_col-xs-6&#8243;][g5plus_icon_box layout_style=&#8221;ib-left&#8221; icon_bg_style=&#8221;icon-bg-circle-outline&#8221; icon_scheme_color=&#8221;icon-scheme-gray&#8221; icon_bg_size=&#8221;ib-small&#8221; title=&#8221;E-Learning&#8221; description=&#8221;Fallstudien und Webinare zu den Themen ABI, Oszillographie, Diabetischer [&#8230;]<\/p>\n","protected":false},"author":1,"featured_media":0,"parent":0,"menu_order":0,"comment_status":"closed","ping_status":"open","template":"","meta":{"content-type":"","wikipediapreview_detectlinks":true,"footnotes":"","_links_to":"","_links_to_target":""},"class_list":["post-192","page","type-page","status-publish","hentry"],"yoast_head":"<!-- This site is optimized with the Yoast SEO plugin v27.5 - https:\/\/yoast.com\/product\/yoast-seo-wordpress\/ -->\n<title>Die Wissensplattform f\u00fcr Gef\u00e4\u00dfdiagnostik - Vascular Academy | powered by SOT<\/title>\n<meta name=\"robots\" content=\"index, follow, max-snippet:-1, max-image-preview:large, max-video-preview:-1\" \/>\n<link rel=\"canonical\" href=\"https:\/\/vascular-academy.com\/de\/\" \/>\n<meta property=\"og:locale\" content=\"de_DE\" \/>\n<meta property=\"og:type\" content=\"article\" \/>\n<meta property=\"og:title\" content=\"Die Wissensplattform f\u00fcr Gef\u00e4\u00dfdiagnostik - Vascular Academy | powered by SOT\" \/>\n<meta property=\"og:description\" content=\"[vc_section full_width=&#8221;stretch_row&#8221; css=&#8221;.vc_custom_1565363185459{padding-bottom: 35px !important;background-position: center !important;background-repeat: no-repeat !important;background-size: cover !important;}&#8221;][vc_row equal_height=&#8221;yes&#8221; el_class=&#8221;pd-top-100 sm-pd-top-80 xs-pd-top-60&#8243;][vc_column width=&#8221;1\/2&#8243; el_class=&#8221;col-mb-12 sm-mg-bottom-30&#8243; offset=&#8221;vc_col-md-3 vc_col-xs-6&#8243;][g5plus_icon_box layout_style=&#8221;ib-left&#8221; icon_bg_style=&#8221;icon-bg-circle-outline&#8221; icon_scheme_color=&#8221;icon-scheme-gray&#8221; icon_bg_size=&#8221;ib-small&#8221; title=&#8221;Workshops&#8221; description=&#8221;Regelm\u00e4\u00dfige Vortr\u00e4ge und Hands-On Sessions von erfahrenen Gef\u00e4\u00dfexperten.&#8221; icon_font=&#8221;arvo-data&#8221; link=&#8221;url:https%3A%2F%2Fwww.vascular-academy.com%2Fde%2Fressourcen%2F|title:Ressourcen&#8221; css_animation=&#8221;bottom-to-top&#8221;][\/vc_column][vc_column width=&#8221;1\/2&#8243; el_class=&#8221;col-mb-12 sm-mg-bottom-30&#8243; offset=&#8221;vc_col-md-3 vc_col-xs-6&#8243;][g5plus_icon_box layout_style=&#8221;ib-left&#8221; icon_bg_style=&#8221;icon-bg-circle-outline&#8221; icon_scheme_color=&#8221;icon-scheme-gray&#8221; icon_bg_size=&#8221;ib-small&#8221; title=&#8221;E-Learning&#8221; description=&#8221;Fallstudien und Webinare zu den Themen ABI, Oszillographie, Diabetischer [...]\" \/>\n<meta property=\"og:url\" content=\"https:\/\/vascular-academy.com\/de\/\" \/>\n<meta property=\"og:site_name\" content=\"Vascular Academy | powered by SOT\" \/>\n<meta property=\"article:modified_time\" content=\"2024-11-27T11:07:58+00:00\" \/>\n<meta name=\"twitter:card\" content=\"summary_large_image\" \/>\n<meta name=\"twitter:label1\" content=\"Gesch\u00e4tzte Lesezeit\" \/>\n\t<meta name=\"twitter:data1\" content=\"3\u00a0Minuten\" \/>\n<script type=\"application\/ld+json\" class=\"yoast-schema-graph\">{\"@context\":\"https:\\\/\\\/schema.org\",\"@graph\":[{\"@type\":\"WebPage\",\"@id\":\"https:\\\/\\\/vascular-academy.com\\\/de\\\/\",\"url\":\"https:\\\/\\\/vascular-academy.com\\\/de\\\/\",\"name\":\"Die Wissensplattform f\u00fcr Gef\u00e4\u00dfdiagnostik - Vascular Academy | powered by SOT\",\"isPartOf\":{\"@id\":\"https:\\\/\\\/vascular-academy.com\\\/de\\\/#website\"},\"datePublished\":\"2019-08-07T17:36:33+00:00\",\"dateModified\":\"2024-11-27T11:07:58+00:00\",\"breadcrumb\":{\"@id\":\"https:\\\/\\\/vascular-academy.com\\\/de\\\/#breadcrumb\"},\"inLanguage\":\"de\",\"potentialAction\":[{\"@type\":\"ReadAction\",\"target\":[\"https:\\\/\\\/vascular-academy.com\\\/de\\\/\"]}]},{\"@type\":\"BreadcrumbList\",\"@id\":\"https:\\\/\\\/vascular-academy.com\\\/de\\\/#breadcrumb\",\"itemListElement\":[{\"@type\":\"ListItem\",\"position\":1,\"name\":\"Home\",\"item\":\"https:\\\/\\\/vascular-academy.com\\\/de\\\/beispiel-seite\\\/\"},{\"@type\":\"ListItem\",\"position\":2,\"name\":\"Die Wissensplattform f\u00fcr Gef\u00e4\u00dfdiagnostik\"}]},{\"@type\":\"WebSite\",\"@id\":\"https:\\\/\\\/vascular-academy.com\\\/de\\\/#website\",\"url\":\"https:\\\/\\\/vascular-academy.com\\\/de\\\/\",\"name\":\"Vascular Academy | powered by SOT\",\"description\":\"Workshops, Whitepaper, Webinare und Kurse zum Thema Gef\u00e4\u00dfdiagnostik.\",\"publisher\":{\"@id\":\"https:\\\/\\\/vascular-academy.com\\\/de\\\/#organization\"},\"potentialAction\":[{\"@type\":\"SearchAction\",\"target\":{\"@type\":\"EntryPoint\",\"urlTemplate\":\"https:\\\/\\\/vascular-academy.com\\\/de\\\/?s={search_term_string}\"},\"query-input\":{\"@type\":\"PropertyValueSpecification\",\"valueRequired\":true,\"valueName\":\"search_term_string\"}}],\"inLanguage\":\"de\"},{\"@type\":\"Organization\",\"@id\":\"https:\\\/\\\/vascular-academy.com\\\/de\\\/#organization\",\"name\":\"Vascular Academy | powered by SOT\",\"url\":\"https:\\\/\\\/vascular-academy.com\\\/de\\\/\",\"logo\":{\"@type\":\"ImageObject\",\"inLanguage\":\"de\",\"@id\":\"https:\\\/\\\/vascular-academy.com\\\/de\\\/#\\\/schema\\\/logo\\\/image\\\/\",\"url\":\"https:\\\/\\\/vascular-academy.com\\\/wp-content\\\/uploads\\\/2023\\\/10\\\/Vascular-Academy-poweredby.png\",\"contentUrl\":\"https:\\\/\\\/vascular-academy.com\\\/wp-content\\\/uploads\\\/2023\\\/10\\\/Vascular-Academy-poweredby.png\",\"width\":333,\"height\":187,\"caption\":\"Vascular Academy | powered by SOT\"},\"image\":{\"@id\":\"https:\\\/\\\/vascular-academy.com\\\/de\\\/#\\\/schema\\\/logo\\\/image\\\/\"}}]}<\/script>\n<!-- \/ Yoast SEO plugin. -->","yoast_head_json":{"title":"Die Wissensplattform f\u00fcr Gef\u00e4\u00dfdiagnostik - Vascular Academy | powered by SOT","robots":{"index":"index","follow":"follow","max-snippet":"max-snippet:-1","max-image-preview":"max-image-preview:large","max-video-preview":"max-video-preview:-1"},"canonical":"https:\/\/vascular-academy.com\/de\/","og_locale":"de_DE","og_type":"article","og_title":"Die Wissensplattform f\u00fcr Gef\u00e4\u00dfdiagnostik - Vascular Academy | powered by SOT","og_description":"[vc_section full_width=&#8221;stretch_row&#8221; css=&#8221;.vc_custom_1565363185459{padding-bottom: 35px !important;background-position: center !important;background-repeat: no-repeat !important;background-size: cover !important;}&#8221;][vc_row equal_height=&#8221;yes&#8221; el_class=&#8221;pd-top-100 sm-pd-top-80 xs-pd-top-60&#8243;][vc_column width=&#8221;1\/2&#8243; el_class=&#8221;col-mb-12 sm-mg-bottom-30&#8243; offset=&#8221;vc_col-md-3 vc_col-xs-6&#8243;][g5plus_icon_box layout_style=&#8221;ib-left&#8221; icon_bg_style=&#8221;icon-bg-circle-outline&#8221; icon_scheme_color=&#8221;icon-scheme-gray&#8221; icon_bg_size=&#8221;ib-small&#8221; title=&#8221;Workshops&#8221; description=&#8221;Regelm\u00e4\u00dfige Vortr\u00e4ge und Hands-On Sessions von erfahrenen Gef\u00e4\u00dfexperten.&#8221; icon_font=&#8221;arvo-data&#8221; link=&#8221;url:https%3A%2F%2Fwww.vascular-academy.com%2Fde%2Fressourcen%2F|title:Ressourcen&#8221; css_animation=&#8221;bottom-to-top&#8221;][\/vc_column][vc_column width=&#8221;1\/2&#8243; el_class=&#8221;col-mb-12 sm-mg-bottom-30&#8243; offset=&#8221;vc_col-md-3 vc_col-xs-6&#8243;][g5plus_icon_box layout_style=&#8221;ib-left&#8221; icon_bg_style=&#8221;icon-bg-circle-outline&#8221; icon_scheme_color=&#8221;icon-scheme-gray&#8221; icon_bg_size=&#8221;ib-small&#8221; title=&#8221;E-Learning&#8221; description=&#8221;Fallstudien und Webinare zu den Themen ABI, Oszillographie, Diabetischer [...]","og_url":"https:\/\/vascular-academy.com\/de\/","og_site_name":"Vascular Academy | powered by SOT","article_modified_time":"2024-11-27T11:07:58+00:00","twitter_card":"summary_large_image","twitter_misc":{"Gesch\u00e4tzte Lesezeit":"3\u00a0Minuten"},"schema":{"@context":"https:\/\/schema.org","@graph":[{"@type":"WebPage","@id":"https:\/\/vascular-academy.com\/de\/","url":"https:\/\/vascular-academy.com\/de\/","name":"Die Wissensplattform f\u00fcr Gef\u00e4\u00dfdiagnostik - Vascular Academy | powered by SOT","isPartOf":{"@id":"https:\/\/vascular-academy.com\/de\/#website"},"datePublished":"2019-08-07T17:36:33+00:00","dateModified":"2024-11-27T11:07:58+00:00","breadcrumb":{"@id":"https:\/\/vascular-academy.com\/de\/#breadcrumb"},"inLanguage":"de","potentialAction":[{"@type":"ReadAction","target":["https:\/\/vascular-academy.com\/de\/"]}]},{"@type":"BreadcrumbList","@id":"https:\/\/vascular-academy.com\/de\/#breadcrumb","itemListElement":[{"@type":"ListItem","position":1,"name":"Home","item":"https:\/\/vascular-academy.com\/de\/beispiel-seite\/"},{"@type":"ListItem","position":2,"name":"Die Wissensplattform f\u00fcr Gef\u00e4\u00dfdiagnostik"}]},{"@type":"WebSite","@id":"https:\/\/vascular-academy.com\/de\/#website","url":"https:\/\/vascular-academy.com\/de\/","name":"Vascular Academy | powered by SOT","description":"Workshops, Whitepaper, Webinare und Kurse zum Thema Gef\u00e4\u00dfdiagnostik.","publisher":{"@id":"https:\/\/vascular-academy.com\/de\/#organization"},"potentialAction":[{"@type":"SearchAction","target":{"@type":"EntryPoint","urlTemplate":"https:\/\/vascular-academy.com\/de\/?s={search_term_string}"},"query-input":{"@type":"PropertyValueSpecification","valueRequired":true,"valueName":"search_term_string"}}],"inLanguage":"de"},{"@type":"Organization","@id":"https:\/\/vascular-academy.com\/de\/#organization","name":"Vascular Academy | powered by SOT","url":"https:\/\/vascular-academy.com\/de\/","logo":{"@type":"ImageObject","inLanguage":"de","@id":"https:\/\/vascular-academy.com\/de\/#\/schema\/logo\/image\/","url":"https:\/\/vascular-academy.com\/wp-content\/uploads\/2023\/10\/Vascular-Academy-poweredby.png","contentUrl":"https:\/\/vascular-academy.com\/wp-content\/uploads\/2023\/10\/Vascular-Academy-poweredby.png","width":333,"height":187,"caption":"Vascular Academy | powered by SOT"},"image":{"@id":"https:\/\/vascular-academy.com\/de\/#\/schema\/logo\/image\/"}}]}},"_links":{"self":[{"href":"https:\/\/vascular-academy.com\/de\/wp-json\/wp\/v2\/pages\/192","targetHints":{"allow":["GET"]}}],"collection":[{"href":"https:\/\/vascular-academy.com\/de\/wp-json\/wp\/v2\/pages"}],"about":[{"href":"https:\/\/vascular-academy.com\/de\/wp-json\/wp\/v2\/types\/page"}],"author":[{"embeddable":true,"href":"https:\/\/vascular-academy.com\/de\/wp-json\/wp\/v2\/users\/1"}],"replies":[{"embeddable":true,"href":"https:\/\/vascular-academy.com\/de\/wp-json\/wp\/v2\/comments?post=192"}],"version-history":[{"count":13,"href":"https:\/\/vascular-academy.com\/de\/wp-json\/wp\/v2\/pages\/192\/revisions"}],"predecessor-version":[{"id":962,"href":"https:\/\/vascular-academy.com\/de\/wp-json\/wp\/v2\/pages\/192\/revisions\/962"}],"wp:attachment":[{"href":"https:\/\/vascular-academy.com\/de\/wp-json\/wp\/v2\/media?parent=192"}],"curies":[{"name":"wp","href":"https:\/\/api.w.org\/{rel}","templated":true}]}}